{"id":6,"date":"2016-08-04T08:17:13","date_gmt":"2016-08-04T08:17:13","guid":{"rendered":"https:\/\/mangold-graphique.com\/ch\/?page_id=6"},"modified":"2021-01-22T15:33:01","modified_gmt":"2021-01-22T15:33:01","slug":"grosformatdruck","status":"publish","type":"page","link":"https:\/\/mangold-graphique.com\/ch\/grosformatdruck\/","title":{"rendered":"Gro\u00dfformatdruck"},"content":{"rendered":"<p><div class=\"fusion-fullwidth fullwidth-box fusion-builder-row-1 fusion-parallax-fixed nonhundred-percent-fullwidth non-hundred-percent-height-scrolling\" style=\"--awb-border-sizes-top:0px;--awb-border-sizes-bottom:0px;--awb-border-sizes-left:0px;--awb-border-sizes-right:0px;--awb-border-radius-top-left:0px;--awb-border-radius-top-right:0px;--awb-border-radius-bottom-right:0px;--awb-border-radius-bottom-left:0px;--awb-padding-top:5px;--awb-padding-bottom:6px;--awb-background-image:url(&quot;https:\/\/mangold-graphique.com\/ch\/wp-content\/uploads\/2019\/12\/000-scaled.jpg&quot;);--awb-background-size:cover;--awb-flex-wrap:wrap;background-attachment:fixed;\" ><div class=\"fusion-builder-row fusion-row\"><div class=\"fusion-layout-column fusion_builder_column fusion-builder-column-0 fusion_builder_column_1_6 1_6 fusion-one-sixth fusion-column-first fusion-no-small-visibility\" style=\"--awb-bg-size:cover;width:16.666666666667%;width:calc(16.666666666667% - ( ( 4% + 4% ) * 0.16666666666667 ) );margin-right: 4%;\"><div class=\"fusion-column-wrapper fusion-flex-column-wrapper-legacy\"><div class=\"fusion-clearfix\"><\/div><\/div><\/div><div class=\"fusion-layout-column fusion_builder_column fusion-builder-column-1 fusion_builder_column_2_3 2_3 fusion-two-third fusion-animated\" style=\"--awb-bg-size:cover;--awb-margin-top:60px;--awb-margin-bottom:60px;width:66.666666666667%;width:calc(66.666666666667% - ( ( 4% + 4% ) * 0.66666666666667 ) );margin-right: 4%;\" data-animationType=\"fadeInDown\" data-animationDuration=\"1.0\" data-animationOffset=\"top-into-view\"><div class=\"fusion-column-wrapper fusion-flex-column-wrapper-legacy\"><div class=\"fusion-sep-clear\"><\/div><div class=\"fusion-separator fusion-full-width-sep\" style=\"margin-left: auto;margin-right: auto;margin-top:20px;width:100%;\"><\/div><div class=\"fusion-sep-clear\"><\/div><div class=\"fusion-text fusion-text-1\" style=\"--awb-content-alignment:left;\"><h1 style=\"text-align: center; font-size: 80px; line-height: 0.85em; margin-top: 0.24em; margin-bottom: 25px;\"><span style=\"color: #800000;\">Gro\u00df<\/span><span style=\"color: #800000;\">formatdruck<\/span><\/h1>\n<\/div><div class=\"fusion-fa-align-center\"><i class=\"fb-icon-element-1 fb-icon-element fontawesome-icon fa fa-ellipsis-h circle-no\" style=\"--awb-iconcolor:#4ad575;--awb-iconcolor-hover:#4ad575;--awb-font-size:14px;--awb-margin-bottom:25px;\"><\/i><\/div><div class=\"fusion-text fusion-text-2\" style=\"--awb-content-alignment:left;\"><p style=\"text-align: center; font-size: 20px; line-height: 34px;\">Mit unseren Digitaldruckern k\u00f6nnen wir gro\u00dfformatige, hochaufl\u00f6sende Bilder mit verschiedenen Druckverfahren produzieren.<br \/>\nIm UV-Druck drucken wir direkt auf eine Vielzahl von Materialien wie PVC, Plexiglas, Holz, Aluminium, Dibond usw. UV Tinte enth\u00e4lt keine L\u00f6sungsmittel.<br \/>\nDer Latexdruck mit wasserbasierter Tintentechnologie eignet sich f\u00fcr die Herstellung von personalisierten Tapeten und den Druck auf einer Vielzahl von Medien f\u00fcr den Innen- und Au\u00dfenbereich wie Vinyl, Plane, Fahnen usw.<\/p>\n<\/div><div class=\"fusion-clearfix\"><\/div><\/div><\/div><div class=\"fusion-layout-column fusion_builder_column fusion-builder-column-2 fusion_builder_column_1_6 1_6 fusion-one-sixth fusion-column-last fusion-no-small-visibility\" style=\"--awb-bg-size:cover;width:16.666666666667%;width:calc(16.666666666667% - ( ( 4% + 4% ) * 0.16666666666667 ) );\"><div class=\"fusion-column-wrapper fusion-flex-column-wrapper-legacy\"><div class=\"fusion-clearfix\"><\/div><\/div><\/div><\/div><\/div><div class=\"fusion-fullwidth fullwidth-box fusion-builder-row-2 hundred-percent-fullwidth non-hundred-percent-height-scrolling fusion-equal-height-columns\" style=\"--awb-background-position:left top;--awb-border-sizes-top:0px;--awb-border-sizes-bottom:0px;--awb-border-sizes-left:0px;--awb-border-sizes-right:0px;--awb-border-radius-top-left:0px;--awb-border-radius-top-right:0px;--awb-border-radius-bottom-right:0px;--awb-border-radius-bottom-left:0px;--awb-padding-top:0px;--awb-padding-right:0px;--awb-padding-bottom:0px;--awb-padding-left:0px;--awb-background-color:rgba(255,255,255,0);--awb-flex-wrap:wrap;\" ><div class=\"fusion-builder-row fusion-row\"><div class=\"fusion-layout-column fusion_builder_column fusion-builder-column-3 fusion_builder_column_2_3 2_3 fusion-two-third fusion-column-first\" style=\"--awb-padding-top:0px;--awb-padding-bottom:0px;--awb-bg-size:cover;--awb-margin-top:0px;--awb-margin-bottom:0px;width:66.666666666667%;width:calc(66.666666666667% - ( ( 0px ) * 0.66666666666667 ) );margin-right: 0px;\"><div class=\"fusion-column-wrapper fusion-column-has-shadow fusion-flex-column-wrapper-legacy\"><div class=\"fusion-column-content-centered\"><div class=\"fusion-column-content\"><div class=\"fusion-image-carousel fusion-image-carousel-auto fusion-image-carousel-1 lightbox-enabled\"><div class=\"awb-carousel awb-swiper awb-swiper-carousel awb-carousel--carousel awb-swiper-dots-position-bottom\" data-layout=\"carousel\" data-autoplay=\"yes\" data-autoplayspeed=\"2500\" data-autoplaypause=\"no\" data-columns=\"2\" data-columnsmedium=\"1\" data-columnssmall=\"1\" data-itemmargin=\"0\" data-itemwidth=\"180\" data-touchscroll=\"no\" data-freemode=\"no\" data-imagesize=\"auto\" data-scrollitems=\"0\" data-centeredslides=\"no\" data-rotationangle=\"50\" data-depth=\"100\" data-speed=\"500\" data-shadow=\"no\" data-pagination=\"bullets\" style=\"--awb-columns:2;--awb-column-spacing:0px;\"><div class=\"swiper-wrapper awb-image-carousel-wrapper fusion-flex-align-items-center\"><div class=\"swiper-slide\"><div class=\"fusion-carousel-item-wrapper\"><div class=\"fusion-image-wrapper hover-type-zoomin\"><a data-rel=\"iLightbox[image_carousel_1]\" data-title=\"IMG_6886\" aria-label=\"IMG_6886\" href=\"https:\/\/mangold-graphique.com\/ch\/wp-content\/uploads\/2020\/07\/IMG_6886-scaled.jpg\" target=\"_self\"><img decoding=\"async\" width=\"2560\" height=\"1920\" src=\"https:\/\/mangold-graphique.com\/ch\/wp-content\/uploads\/2020\/07\/IMG_6886-scaled.jpg\" class=\"attachment-full size-full\" alt=\"\" srcset=\"https:\/\/mangold-graphique.com\/ch\/wp-content\/uploads\/2020\/07\/IMG_6886-200x150.jpg 200w, https:\/\/mangold-graphique.com\/ch\/wp-content\/uploads\/2020\/07\/IMG_6886-400x300.jpg 400w, https:\/\/mangold-graphique.com\/ch\/wp-content\/uploads\/2020\/07\/IMG_6886-600x450.jpg 600w, https:\/\/mangold-graphique.com\/ch\/wp-content\/uploads\/2020\/07\/IMG_6886-800x600.jpg 800w, https:\/\/mangold-graphique.com\/ch\/wp-content\/uploads\/2020\/07\/IMG_6886-1200x900.jpg 1200w, https:\/\/mangold-graphique.com\/ch\/wp-content\/uploads\/2020\/07\/IMG_6886-scaled.jpg 2560w\" sizes=\"(min-width: 2200px) 100vw, (min-width: 832px) 585px, (min-width: 640px) 832px, \" \/><\/a><\/div><\/div><\/div><div class=\"swiper-slide\"><div class=\"fusion-carousel-item-wrapper\"><div class=\"fusion-image-wrapper hover-type-zoomin\"><a data-rel=\"iLightbox[image_carousel_1]\" data-title=\"igf2\" aria-label=\"igf2\" href=\"https:\/\/mangold-graphique.com\/ch\/wp-content\/uploads\/2020\/08\/igf2-scaled.jpg\" target=\"_self\"><img decoding=\"async\" width=\"2560\" height=\"1920\" src=\"https:\/\/mangold-graphique.com\/ch\/wp-content\/uploads\/2020\/08\/igf2-scaled.jpg\" class=\"attachment-full size-full\" alt=\"\" srcset=\"https:\/\/mangold-graphique.com\/ch\/wp-content\/uploads\/2020\/08\/igf2-200x150.jpg 200w, https:\/\/mangold-graphique.com\/ch\/wp-content\/uploads\/2020\/08\/igf2-400x300.jpg 400w, https:\/\/mangold-graphique.com\/ch\/wp-content\/uploads\/2020\/08\/igf2-600x450.jpg 600w, https:\/\/mangold-graphique.com\/ch\/wp-content\/uploads\/2020\/08\/igf2-800x600.jpg 800w, https:\/\/mangold-graphique.com\/ch\/wp-content\/uploads\/2020\/08\/igf2-1200x900.jpg 1200w, https:\/\/mangold-graphique.com\/ch\/wp-content\/uploads\/2020\/08\/igf2-scaled.jpg 2560w\" sizes=\"(min-width: 2200px) 100vw, (min-width: 832px) 585px, (min-width: 640px) 832px, \" \/><\/a><\/div><\/div><\/div><div class=\"swiper-slide\"><div class=\"fusion-carousel-item-wrapper\"><div class=\"fusion-image-wrapper hover-type-zoomin\"><a data-rel=\"iLightbox[image_carousel_1]\" data-title=\"igf3\" aria-label=\"igf3\" href=\"https:\/\/mangold-graphique.com\/ch\/wp-content\/uploads\/2020\/08\/igf3-scaled.jpg\" target=\"_self\"><img decoding=\"async\" width=\"2560\" height=\"1920\" src=\"https:\/\/mangold-graphique.com\/ch\/wp-content\/uploads\/2020\/08\/igf3-scaled.jpg\" class=\"attachment-full size-full\" alt=\"\" srcset=\"https:\/\/mangold-graphique.com\/ch\/wp-content\/uploads\/2020\/08\/igf3-200x150.jpg 200w, https:\/\/mangold-graphique.com\/ch\/wp-content\/uploads\/2020\/08\/igf3-400x300.jpg 400w, https:\/\/mangold-graphique.com\/ch\/wp-content\/uploads\/2020\/08\/igf3-600x450.jpg 600w, https:\/\/mangold-graphique.com\/ch\/wp-content\/uploads\/2020\/08\/igf3-800x600.jpg 800w, https:\/\/mangold-graphique.com\/ch\/wp-content\/uploads\/2020\/08\/igf3-1200x900.jpg 1200w, https:\/\/mangold-graphique.com\/ch\/wp-content\/uploads\/2020\/08\/igf3-scaled.jpg 2560w\" sizes=\"(min-width: 2200px) 100vw, (min-width: 832px) 585px, (min-width: 640px) 832px, \" \/><\/a><\/div><\/div><\/div><div class=\"swiper-slide\"><div class=\"fusion-carousel-item-wrapper\"><div class=\"fusion-image-wrapper hover-type-zoomin\"><a data-rel=\"iLightbox[image_carousel_1]\" data-title=\"igf4\" aria-label=\"igf4\" href=\"https:\/\/mangold-graphique.com\/ch\/wp-content\/uploads\/2020\/08\/igf4-scaled.jpg\" target=\"_self\"><img decoding=\"async\" width=\"2560\" height=\"1920\" src=\"https:\/\/mangold-graphique.com\/ch\/wp-content\/uploads\/2020\/08\/igf4-scaled.jpg\" class=\"attachment-full size-full\" alt=\"\" srcset=\"https:\/\/mangold-graphique.com\/ch\/wp-content\/uploads\/2020\/08\/igf4-200x150.jpg 200w, https:\/\/mangold-graphique.com\/ch\/wp-content\/uploads\/2020\/08\/igf4-400x300.jpg 400w, https:\/\/mangold-graphique.com\/ch\/wp-content\/uploads\/2020\/08\/igf4-600x450.jpg 600w, https:\/\/mangold-graphique.com\/ch\/wp-content\/uploads\/2020\/08\/igf4-800x600.jpg 800w, https:\/\/mangold-graphique.com\/ch\/wp-content\/uploads\/2020\/08\/igf4-1200x900.jpg 1200w, https:\/\/mangold-graphique.com\/ch\/wp-content\/uploads\/2020\/08\/igf4-scaled.jpg 2560w\" sizes=\"(min-width: 2200px) 100vw, (min-width: 832px) 585px, (min-width: 640px) 832px, \" \/><\/a><\/div><\/div><\/div><div class=\"swiper-slide\"><div class=\"fusion-carousel-item-wrapper\"><div class=\"fusion-image-wrapper hover-type-zoomin\"><a data-rel=\"iLightbox[image_carousel_1]\" data-title=\"igf5\" aria-label=\"igf5\" href=\"https:\/\/mangold-graphique.com\/ch\/wp-content\/uploads\/2020\/08\/igf5-scaled.jpg\" target=\"_self\"><img decoding=\"async\" width=\"2560\" height=\"1920\" src=\"https:\/\/mangold-graphique.com\/ch\/wp-content\/uploads\/2020\/08\/igf5-scaled.jpg\" class=\"attachment-full size-full\" alt=\"\" srcset=\"https:\/\/mangold-graphique.com\/ch\/wp-content\/uploads\/2020\/08\/igf5-200x150.jpg 200w, https:\/\/mangold-graphique.com\/ch\/wp-content\/uploads\/2020\/08\/igf5-400x300.jpg 400w, https:\/\/mangold-graphique.com\/ch\/wp-content\/uploads\/2020\/08\/igf5-600x450.jpg 600w, https:\/\/mangold-graphique.com\/ch\/wp-content\/uploads\/2020\/08\/igf5-800x600.jpg 800w, https:\/\/mangold-graphique.com\/ch\/wp-content\/uploads\/2020\/08\/igf5-1200x900.jpg 1200w, https:\/\/mangold-graphique.com\/ch\/wp-content\/uploads\/2020\/08\/igf5-scaled.jpg 2560w\" sizes=\"(min-width: 2200px) 100vw, (min-width: 832px) 585px, (min-width: 640px) 832px, \" \/><\/a><\/div><\/div><\/div><div class=\"swiper-slide\"><div class=\"fusion-carousel-item-wrapper\"><div class=\"fusion-image-wrapper hover-type-zoomin\"><a data-rel=\"iLightbox[image_carousel_1]\" data-title=\"igf6\" aria-label=\"igf6\" href=\"https:\/\/mangold-graphique.com\/ch\/wp-content\/uploads\/2020\/08\/igf6-scaled.jpg\" target=\"_self\"><img decoding=\"async\" width=\"2560\" height=\"1920\" src=\"https:\/\/mangold-graphique.com\/ch\/wp-content\/uploads\/2020\/08\/igf6-scaled.jpg\" class=\"attachment-full size-full\" alt=\"\" srcset=\"https:\/\/mangold-graphique.com\/ch\/wp-content\/uploads\/2020\/08\/igf6-200x150.jpg 200w, https:\/\/mangold-graphique.com\/ch\/wp-content\/uploads\/2020\/08\/igf6-400x300.jpg 400w, https:\/\/mangold-graphique.com\/ch\/wp-content\/uploads\/2020\/08\/igf6-600x450.jpg 600w, https:\/\/mangold-graphique.com\/ch\/wp-content\/uploads\/2020\/08\/igf6-800x600.jpg 800w, https:\/\/mangold-graphique.com\/ch\/wp-content\/uploads\/2020\/08\/igf6-1200x900.jpg 1200w, https:\/\/mangold-graphique.com\/ch\/wp-content\/uploads\/2020\/08\/igf6-scaled.jpg 2560w\" sizes=\"(min-width: 2200px) 100vw, (min-width: 832px) 585px, (min-width: 640px) 832px, \" \/><\/a><\/div><\/div><\/div><div class=\"swiper-slide\"><div class=\"fusion-carousel-item-wrapper\"><div class=\"fusion-image-wrapper hover-type-zoomin\"><a data-rel=\"iLightbox[image_carousel_1]\" data-title=\"igf7\" aria-label=\"igf7\" href=\"https:\/\/mangold-graphique.com\/ch\/wp-content\/uploads\/2020\/08\/igf7-scaled.jpg\" target=\"_self\"><img decoding=\"async\" width=\"2560\" height=\"1920\" src=\"https:\/\/mangold-graphique.com\/ch\/wp-content\/uploads\/2020\/08\/igf7-scaled.jpg\" class=\"attachment-full size-full\" alt=\"\" srcset=\"https:\/\/mangold-graphique.com\/ch\/wp-content\/uploads\/2020\/08\/igf7-200x150.jpg 200w, https:\/\/mangold-graphique.com\/ch\/wp-content\/uploads\/2020\/08\/igf7-400x300.jpg 400w, https:\/\/mangold-graphique.com\/ch\/wp-content\/uploads\/2020\/08\/igf7-600x450.jpg 600w, https:\/\/mangold-graphique.com\/ch\/wp-content\/uploads\/2020\/08\/igf7-800x600.jpg 800w, https:\/\/mangold-graphique.com\/ch\/wp-content\/uploads\/2020\/08\/igf7-1200x900.jpg 1200w, https:\/\/mangold-graphique.com\/ch\/wp-content\/uploads\/2020\/08\/igf7-scaled.jpg 2560w\" sizes=\"(min-width: 2200px) 100vw, (min-width: 832px) 585px, (min-width: 640px) 832px, \" \/><\/a><\/div><\/div><\/div><div class=\"swiper-slide\"><div class=\"fusion-carousel-item-wrapper\"><div class=\"fusion-image-wrapper hover-type-zoomin\"><a data-rel=\"iLightbox[image_carousel_1]\" data-title=\"igf8\" aria-label=\"igf8\" href=\"https:\/\/mangold-graphique.com\/ch\/wp-content\/uploads\/2020\/08\/igf8-scaled.jpg\" target=\"_self\"><img decoding=\"async\" width=\"2560\" height=\"1920\" src=\"https:\/\/mangold-graphique.com\/ch\/wp-content\/uploads\/2020\/08\/igf8-scaled.jpg\" class=\"attachment-full size-full\" alt=\"\" srcset=\"https:\/\/mangold-graphique.com\/ch\/wp-content\/uploads\/2020\/08\/igf8-200x150.jpg 200w, https:\/\/mangold-graphique.com\/ch\/wp-content\/uploads\/2020\/08\/igf8-400x300.jpg 400w, https:\/\/mangold-graphique.com\/ch\/wp-content\/uploads\/2020\/08\/igf8-600x450.jpg 600w, https:\/\/mangold-graphique.com\/ch\/wp-content\/uploads\/2020\/08\/igf8-800x600.jpg 800w, https:\/\/mangold-graphique.com\/ch\/wp-content\/uploads\/2020\/08\/igf8-1200x900.jpg 1200w, https:\/\/mangold-graphique.com\/ch\/wp-content\/uploads\/2020\/08\/igf8-scaled.jpg 2560w\" sizes=\"(min-width: 2200px) 100vw, (min-width: 832px) 585px, (min-width: 640px) 832px, \" \/><\/a><\/div><\/div><\/div><\/div><div class=\"awb-swiper-button awb-swiper-button-prev\"><i class=\"awb-icon-angle-left\" aria-hidden=\"true\"><\/i><\/div><div class=\"awb-swiper-button awb-swiper-button-next\"><i class=\"awb-icon-angle-right\" aria-hidden=\"true\"><\/i><\/div><\/div><\/div><\/div><\/div><div class=\"fusion-clearfix\"><\/div><\/div><\/div><div class=\"fusion-layout-column fusion_builder_column fusion-builder-column-4 fusion_builder_column_1_3 1_3 fusion-one-third fusion-column-last\" style=\"--awb-padding-top:0px;--awb-padding-bottom:0px;--awb-bg-size:cover;--awb-margin-top:0px;--awb-margin-bottom:0px;width:33.333333333333%;width:calc(33.333333333333% - ( ( 0px ) * 0.33333333333333 ) );\"><div class=\"fusion-column-wrapper fusion-column-has-shadow fusion-flex-column-wrapper-legacy\"><div class=\"fusion-column-content-centered\"><div class=\"fusion-column-content\"><div class=\"fusion-image-carousel fusion-image-carousel-auto fusion-image-carousel-2\"><div class=\"awb-carousel awb-swiper awb-swiper-carousel awb-carousel--carousel awb-swiper-dots-position-bottom\" data-layout=\"carousel\" data-autoplay=\"yes\" data-autoplayspeed=\"2500\" data-autoplaypause=\"no\" data-columns=\"3\" data-columnsmedium=\"1\" data-columnssmall=\"1\" data-itemmargin=\"0\" data-itemwidth=\"180\" data-touchscroll=\"no\" data-freemode=\"no\" data-imagesize=\"auto\" data-scrollitems=\"0\" data-centeredslides=\"no\" data-rotationangle=\"50\" data-depth=\"100\" data-speed=\"500\" data-shadow=\"no\" data-pagination=\"bullets\" style=\"--awb-columns:3;--awb-column-spacing:0px;\"><div class=\"swiper-wrapper awb-image-carousel-wrapper fusion-flex-align-items-center\"><div class=\"swiper-slide\"><div class=\"fusion-carousel-item-wrapper\"><div class=\"fusion-image-wrapper hover-type-zoomin\"><a href=\"https:\/\/mangold-graphique.com\/ch\/index.php\/nous-contacter\/\" target=\"_self\"><img decoding=\"async\" width=\"2560\" height=\"1920\" src=\"https:\/\/mangold-graphique.com\/ch\/wp-content\/uploads\/2020\/08\/rouge-2-scaled.jpg\" class=\"attachment-full size-full\" alt=\"\" srcset=\"https:\/\/mangold-graphique.com\/ch\/wp-content\/uploads\/2020\/08\/rouge-2-200x150.jpg 200w, https:\/\/mangold-graphique.com\/ch\/wp-content\/uploads\/2020\/08\/rouge-2-300x225.jpg 300w, https:\/\/mangold-graphique.com\/ch\/wp-content\/uploads\/2020\/08\/rouge-2-400x300.jpg 400w, https:\/\/mangold-graphique.com\/ch\/wp-content\/uploads\/2020\/08\/rouge-2-600x450.jpg 600w, https:\/\/mangold-graphique.com\/ch\/wp-content\/uploads\/2020\/08\/rouge-2-768x576.jpg 768w, https:\/\/mangold-graphique.com\/ch\/wp-content\/uploads\/2020\/08\/rouge-2-800x600.jpg 800w, https:\/\/mangold-graphique.com\/ch\/wp-content\/uploads\/2020\/08\/rouge-2-1024x768.jpg 1024w, https:\/\/mangold-graphique.com\/ch\/wp-content\/uploads\/2020\/08\/rouge-2-1200x900.jpg 1200w, https:\/\/mangold-graphique.com\/ch\/wp-content\/uploads\/2020\/08\/rouge-2-1536x1152.jpg 1536w, https:\/\/mangold-graphique.com\/ch\/wp-content\/uploads\/2020\/08\/rouge-2-scaled.jpg 2560w\" sizes=\"(max-width: 2560px) 100vw, 2560px\" \/><\/a><\/div><\/div><\/div><\/div><div class=\"awb-swiper-button awb-swiper-button-prev\"><i class=\"awb-icon-angle-left\" aria-hidden=\"true\"><\/i><\/div><div class=\"awb-swiper-button awb-swiper-button-next\"><i class=\"awb-icon-angle-right\" aria-hidden=\"true\"><\/i><\/div><\/div><\/div><\/div><\/div><div class=\"fusion-clearfix\"><\/div><\/div><\/div><\/div><\/div><\/p>\n","protected":false},"excerpt":{"rendered":"","protected":false},"author":1,"featured_media":0,"parent":0,"menu_order":0,"comment_status":"closed","ping_status":"closed","template":"100-width.php","meta":{"footnotes":""},"class_list":["post-6","page","type-page","status-publish","hentry"],"_links":{"self":[{"href":"https:\/\/mangold-graphique.com\/ch\/wp-json\/wp\/v2\/pages\/6","targetHints":{"allow":["GET"]}}],"collection":[{"href":"https:\/\/mangold-graphique.com\/ch\/wp-json\/wp\/v2\/pages"}],"about":[{"href":"https:\/\/mangold-graphique.com\/ch\/wp-json\/wp\/v2\/types\/page"}],"author":[{"embeddable":true,"href":"https:\/\/mangold-graphique.com\/ch\/wp-json\/wp\/v2\/users\/1"}],"replies":[{"embeddable":true,"href":"https:\/\/mangold-graphique.com\/ch\/wp-json\/wp\/v2\/comments?post=6"}],"version-history":[{"count":23,"href":"https:\/\/mangold-graphique.com\/ch\/wp-json\/wp\/v2\/pages\/6\/revisions"}],"predecessor-version":[{"id":1619,"href":"https:\/\/mangold-graphique.com\/ch\/wp-json\/wp\/v2\/pages\/6\/revisions\/1619"}],"wp:attachment":[{"href":"https:\/\/mangold-graphique.com\/ch\/wp-json\/wp\/v2\/media?parent=6"}],"curies":[{"name":"wp","href":"https:\/\/api.w.org\/{rel}","templated":true}]}}