{"id":1463,"date":"2020-07-28T13:10:39","date_gmt":"2020-07-28T13:10:39","guid":{"rendered":"https:\/\/mangold-graphique.com\/ch\/?page_id=1463"},"modified":"2021-01-22T15:35:52","modified_gmt":"2021-01-22T15:35:52","slug":"total-covering-2","status":"publish","type":"page","link":"https:\/\/mangold-graphique.com\/ch\/total-covering-2\/","title":{"rendered":"Total covering"},"content":{"rendered":"<p><div class=\"fusion-fullwidth fullwidth-box fusion-builder-row-1 fusion-parallax-fixed nonhundred-percent-fullwidth non-hundred-percent-height-scrolling\" style=\"--awb-border-sizes-top:0px;--awb-border-sizes-bottom:0px;--awb-border-sizes-left:0px;--awb-border-sizes-right:0px;--awb-border-radius-top-left:0px;--awb-border-radius-top-right:0px;--awb-border-radius-bottom-right:0px;--awb-border-radius-bottom-left:0px;--awb-padding-top:5px;--awb-padding-bottom:6px;--awb-background-image:url(&quot;https:\/\/mangold-graphique.com\/ch\/wp-content\/uploads\/2019\/12\/000-scaled.jpg&quot;);--awb-background-size:cover;--awb-flex-wrap:wrap;background-attachment:fixed;\" ><div class=\"fusion-builder-row fusion-row\"><div class=\"fusion-layout-column fusion_builder_column fusion-builder-column-0 fusion_builder_column_1_6 1_6 fusion-one-sixth fusion-column-first fusion-no-small-visibility\" style=\"--awb-bg-size:cover;width:16.666666666667%;width:calc(16.666666666667% - ( ( 4% + 4% ) * 0.16666666666667 ) );margin-right: 4%;\"><div class=\"fusion-column-wrapper fusion-flex-column-wrapper-legacy\"><div class=\"fusion-clearfix\"><\/div><\/div><\/div><div class=\"fusion-layout-column fusion_builder_column fusion-builder-column-1 fusion_builder_column_2_3 2_3 fusion-two-third fusion-animated\" style=\"--awb-bg-size:cover;--awb-margin-top:60px;--awb-margin-bottom:60px;width:66.666666666667%;width:calc(66.666666666667% - ( ( 4% + 4% ) * 0.66666666666667 ) );margin-right: 4%;\" data-animationType=\"fadeInDown\" data-animationDuration=\"1.0\" data-animationOffset=\"top-into-view\"><div class=\"fusion-column-wrapper fusion-flex-column-wrapper-legacy\"><div class=\"fusion-sep-clear\"><\/div><div class=\"fusion-separator fusion-full-width-sep\" style=\"margin-left: auto;margin-right: auto;margin-top:20px;width:100%;\"><\/div><div class=\"fusion-sep-clear\"><\/div><div class=\"fusion-text fusion-text-1\" style=\"--awb-content-alignment:left;\"><h1 style=\"text-align: center; font-size: 80px; line-height: 0.85em; margin-top: 0.24em; margin-bottom: 25px;\">Total <span style=\"color: #800000;\">covering<\/span><\/h1>\n<\/div><div class=\"fusion-fa-align-center\"><i class=\"fb-icon-element-1 fb-icon-element fontawesome-icon fa fa-ellipsis-h circle-no\" style=\"--awb-iconcolor:#4ad575;--awb-iconcolor-hover:#4ad575;--awb-font-size:14px;--awb-margin-bottom:25px;\"><\/i><\/div><div class=\"fusion-text fusion-text-2\" style=\"--awb-content-alignment:left;\"><p style=\"text-align: center; font-size: 20px; line-height: 34px;\">Total Covering kleidet Ihr Fahrzeug buchst\u00e4blich ein. Gedruckt auf hochleistungs Vinyl und anschlie\u00dfend mit einer speziellen Laminierung \u00fcberzogen, wird die gesamte Abdeckung zu der zweiten Haut Ihres Fahrzeuges in den Farben Ihres Unternehmens. Das Total Covering bietet Ihnen eine hervorragende Sichtbarkeit im Stra\u00dfenverkehr.<\/p>\n<\/div><div class=\"fusion-clearfix\"><\/div><\/div><\/div><div class=\"fusion-layout-column fusion_builder_column fusion-builder-column-2 fusion_builder_column_1_6 1_6 fusion-one-sixth fusion-column-last fusion-no-small-visibility\" style=\"--awb-bg-size:cover;width:16.666666666667%;width:calc(16.666666666667% - ( ( 4% + 4% ) * 0.16666666666667 ) );\"><div class=\"fusion-column-wrapper fusion-flex-column-wrapper-legacy\"><div class=\"fusion-clearfix\"><\/div><\/div><\/div><\/div><\/div><div class=\"fusion-fullwidth fullwidth-box fusion-builder-row-2 hundred-percent-fullwidth non-hundred-percent-height-scrolling fusion-equal-height-columns\" style=\"--awb-background-position:left top;--awb-border-sizes-top:0px;--awb-border-sizes-bottom:0px;--awb-border-sizes-left:0px;--awb-border-sizes-right:0px;--awb-border-radius-top-left:0px;--awb-border-radius-top-right:0px;--awb-border-radius-bottom-right:0px;--awb-border-radius-bottom-left:0px;--awb-padding-top:0px;--awb-padding-right:0px;--awb-padding-bottom:0px;--awb-padding-left:0px;--awb-background-color:rgba(255,255,255,0);--awb-flex-wrap:wrap;\" ><div class=\"fusion-builder-row fusion-row\"><div class=\"fusion-layout-column fusion_builder_column fusion-builder-column-3 fusion_builder_column_2_3 2_3 fusion-two-third fusion-column-first\" style=\"--awb-padding-top:0px;--awb-padding-bottom:0px;--awb-bg-size:cover;--awb-margin-top:0px;--awb-margin-bottom:0px;width:66.666666666667%;width:calc(66.666666666667% - ( ( 0px ) * 0.66666666666667 ) );margin-right: 0px;\"><div class=\"fusion-column-wrapper fusion-column-has-shadow fusion-flex-column-wrapper-legacy\"><div class=\"fusion-column-content-centered\"><div class=\"fusion-column-content\"><div class=\"fusion-image-carousel fusion-image-carousel-auto fusion-image-carousel-1 lightbox-enabled\"><div class=\"awb-carousel awb-swiper awb-swiper-carousel awb-carousel--carousel awb-swiper-dots-position-bottom\" data-layout=\"carousel\" data-autoplay=\"yes\" data-autoplayspeed=\"2500\" data-autoplaypause=\"no\" data-columns=\"2\" data-columnsmedium=\"1\" data-columnssmall=\"1\" data-itemmargin=\"0\" data-itemwidth=\"180\" data-touchscroll=\"no\" data-freemode=\"no\" data-imagesize=\"auto\" data-scrollitems=\"0\" data-centeredslides=\"no\" data-rotationangle=\"50\" data-depth=\"100\" data-speed=\"500\" data-shadow=\"no\" data-pagination=\"bullets\" style=\"--awb-columns:2;--awb-column-spacing:0px;\"><div class=\"swiper-wrapper awb-image-carousel-wrapper fusion-flex-align-items-center\"><div class=\"swiper-slide\"><div class=\"fusion-carousel-item-wrapper\"><div class=\"fusion-image-wrapper hover-type-zoomin\"><a data-rel=\"iLightbox[image_carousel_1]\" data-title=\"cov1\" aria-label=\"cov1\" href=\"https:\/\/mangold-graphique.com\/ch\/wp-content\/uploads\/2020\/08\/cov1-scaled.jpg\" target=\"_self\"><img decoding=\"async\" width=\"2560\" height=\"1920\" src=\"https:\/\/mangold-graphique.com\/ch\/wp-content\/uploads\/2020\/08\/cov1-scaled.jpg\" class=\"attachment-full size-full\" alt=\"\" srcset=\"https:\/\/mangold-graphique.com\/ch\/wp-content\/uploads\/2020\/08\/cov1-200x150.jpg 200w, https:\/\/mangold-graphique.com\/ch\/wp-content\/uploads\/2020\/08\/cov1-400x300.jpg 400w, https:\/\/mangold-graphique.com\/ch\/wp-content\/uploads\/2020\/08\/cov1-600x450.jpg 600w, https:\/\/mangold-graphique.com\/ch\/wp-content\/uploads\/2020\/08\/cov1-800x600.jpg 800w, https:\/\/mangold-graphique.com\/ch\/wp-content\/uploads\/2020\/08\/cov1-1200x900.jpg 1200w, https:\/\/mangold-graphique.com\/ch\/wp-content\/uploads\/2020\/08\/cov1-scaled.jpg 2560w\" sizes=\"(min-width: 2200px) 100vw, (min-width: 832px) 585px, (min-width: 640px) 832px, \" \/><\/a><\/div><\/div><\/div><div class=\"swiper-slide\"><div class=\"fusion-carousel-item-wrapper\"><div class=\"fusion-image-wrapper hover-type-zoomin\"><a data-rel=\"iLightbox[image_carousel_1]\" data-title=\"cov2\" aria-label=\"cov2\" href=\"https:\/\/mangold-graphique.com\/ch\/wp-content\/uploads\/2020\/08\/cov2-scaled.jpg\" target=\"_self\"><img decoding=\"async\" width=\"2560\" height=\"1920\" src=\"https:\/\/mangold-graphique.com\/ch\/wp-content\/uploads\/2020\/08\/cov2-scaled.jpg\" class=\"attachment-full size-full\" alt=\"\" srcset=\"https:\/\/mangold-graphique.com\/ch\/wp-content\/uploads\/2020\/08\/cov2-200x150.jpg 200w, https:\/\/mangold-graphique.com\/ch\/wp-content\/uploads\/2020\/08\/cov2-400x300.jpg 400w, https:\/\/mangold-graphique.com\/ch\/wp-content\/uploads\/2020\/08\/cov2-600x450.jpg 600w, https:\/\/mangold-graphique.com\/ch\/wp-content\/uploads\/2020\/08\/cov2-800x600.jpg 800w, https:\/\/mangold-graphique.com\/ch\/wp-content\/uploads\/2020\/08\/cov2-1200x900.jpg 1200w, https:\/\/mangold-graphique.com\/ch\/wp-content\/uploads\/2020\/08\/cov2-scaled.jpg 2560w\" sizes=\"(min-width: 2200px) 100vw, (min-width: 832px) 585px, (min-width: 640px) 832px, \" \/><\/a><\/div><\/div><\/div><div class=\"swiper-slide\"><div class=\"fusion-carousel-item-wrapper\"><div class=\"fusion-image-wrapper hover-type-zoomin\"><a data-rel=\"iLightbox[image_carousel_1]\" data-title=\"cov3\" aria-label=\"cov3\" href=\"https:\/\/mangold-graphique.com\/ch\/wp-content\/uploads\/2020\/08\/cov3-scaled.jpg\" target=\"_self\"><img decoding=\"async\" width=\"2560\" height=\"1920\" src=\"https:\/\/mangold-graphique.com\/ch\/wp-content\/uploads\/2020\/08\/cov3-scaled.jpg\" class=\"attachment-full size-full\" alt=\"\" srcset=\"https:\/\/mangold-graphique.com\/ch\/wp-content\/uploads\/2020\/08\/cov3-200x150.jpg 200w, https:\/\/mangold-graphique.com\/ch\/wp-content\/uploads\/2020\/08\/cov3-400x300.jpg 400w, https:\/\/mangold-graphique.com\/ch\/wp-content\/uploads\/2020\/08\/cov3-600x450.jpg 600w, https:\/\/mangold-graphique.com\/ch\/wp-content\/uploads\/2020\/08\/cov3-800x600.jpg 800w, https:\/\/mangold-graphique.com\/ch\/wp-content\/uploads\/2020\/08\/cov3-1200x900.jpg 1200w, https:\/\/mangold-graphique.com\/ch\/wp-content\/uploads\/2020\/08\/cov3-scaled.jpg 2560w\" sizes=\"(min-width: 2200px) 100vw, (min-width: 832px) 585px, (min-width: 640px) 832px, \" \/><\/a><\/div><\/div><\/div><div class=\"swiper-slide\"><div class=\"fusion-carousel-item-wrapper\"><div class=\"fusion-image-wrapper hover-type-zoomin\"><a data-rel=\"iLightbox[image_carousel_1]\" data-title=\"cov4\" aria-label=\"cov4\" href=\"https:\/\/mangold-graphique.com\/ch\/wp-content\/uploads\/2020\/08\/cov4-scaled.jpg\" target=\"_self\"><img decoding=\"async\" width=\"2560\" height=\"1920\" src=\"https:\/\/mangold-graphique.com\/ch\/wp-content\/uploads\/2020\/08\/cov4-scaled.jpg\" class=\"attachment-full size-full\" alt=\"\" srcset=\"https:\/\/mangold-graphique.com\/ch\/wp-content\/uploads\/2020\/08\/cov4-200x150.jpg 200w, https:\/\/mangold-graphique.com\/ch\/wp-content\/uploads\/2020\/08\/cov4-400x300.jpg 400w, https:\/\/mangold-graphique.com\/ch\/wp-content\/uploads\/2020\/08\/cov4-600x450.jpg 600w, https:\/\/mangold-graphique.com\/ch\/wp-content\/uploads\/2020\/08\/cov4-800x600.jpg 800w, https:\/\/mangold-graphique.com\/ch\/wp-content\/uploads\/2020\/08\/cov4-1200x900.jpg 1200w, https:\/\/mangold-graphique.com\/ch\/wp-content\/uploads\/2020\/08\/cov4-scaled.jpg 2560w\" sizes=\"(min-width: 2200px) 100vw, (min-width: 832px) 585px, (min-width: 640px) 832px, \" \/><\/a><\/div><\/div><\/div><\/div><div class=\"awb-swiper-button awb-swiper-button-prev\"><i class=\"awb-icon-angle-left\" aria-hidden=\"true\"><\/i><\/div><div class=\"awb-swiper-button awb-swiper-button-next\"><i class=\"awb-icon-angle-right\" aria-hidden=\"true\"><\/i><\/div><\/div><\/div><\/div><\/div><div class=\"fusion-clearfix\"><\/div><\/div><\/div><div class=\"fusion-layout-column fusion_builder_column fusion-builder-column-4 fusion_builder_column_1_3 1_3 fusion-one-third fusion-column-last\" style=\"--awb-padding-top:0px;--awb-padding-bottom:0px;--awb-bg-size:cover;--awb-margin-top:0px;--awb-margin-bottom:0px;width:33.333333333333%;width:calc(33.333333333333% - ( ( 0px ) * 0.33333333333333 ) );\"><div class=\"fusion-column-wrapper fusion-column-has-shadow fusion-flex-column-wrapper-legacy\"><div class=\"fusion-column-content-centered\"><div class=\"fusion-column-content\"><div class=\"fusion-image-carousel fusion-image-carousel-auto fusion-image-carousel-2\"><div class=\"awb-carousel awb-swiper awb-swiper-carousel awb-carousel--carousel awb-swiper-dots-position-bottom\" data-layout=\"carousel\" data-autoplay=\"yes\" data-autoplayspeed=\"2500\" data-autoplaypause=\"no\" data-columns=\"3\" data-columnsmedium=\"1\" data-columnssmall=\"1\" data-itemmargin=\"0\" data-itemwidth=\"180\" data-touchscroll=\"no\" data-freemode=\"no\" data-imagesize=\"auto\" data-scrollitems=\"0\" data-centeredslides=\"no\" data-rotationangle=\"50\" data-depth=\"100\" data-speed=\"500\" data-shadow=\"no\" data-pagination=\"bullets\" style=\"--awb-columns:3;--awb-column-spacing:0px;\"><div class=\"swiper-wrapper awb-image-carousel-wrapper fusion-flex-align-items-center\"><div class=\"swiper-slide\"><div class=\"fusion-carousel-item-wrapper\"><div class=\"fusion-image-wrapper hover-type-zoomin\"><a href=\"https:\/\/mangold-graphique.com\/ch\/index.php\/nous-contacter\/\" target=\"_self\"><img decoding=\"async\" width=\"2560\" height=\"1920\" src=\"https:\/\/mangold-graphique.com\/ch\/wp-content\/uploads\/2020\/08\/rouge-2-scaled.jpg\" class=\"attachment-full size-full\" alt=\"\" srcset=\"https:\/\/mangold-graphique.com\/ch\/wp-content\/uploads\/2020\/08\/rouge-2-200x150.jpg 200w, https:\/\/mangold-graphique.com\/ch\/wp-content\/uploads\/2020\/08\/rouge-2-300x225.jpg 300w, https:\/\/mangold-graphique.com\/ch\/wp-content\/uploads\/2020\/08\/rouge-2-400x300.jpg 400w, https:\/\/mangold-graphique.com\/ch\/wp-content\/uploads\/2020\/08\/rouge-2-600x450.jpg 600w, https:\/\/mangold-graphique.com\/ch\/wp-content\/uploads\/2020\/08\/rouge-2-768x576.jpg 768w, https:\/\/mangold-graphique.com\/ch\/wp-content\/uploads\/2020\/08\/rouge-2-800x600.jpg 800w, https:\/\/mangold-graphique.com\/ch\/wp-content\/uploads\/2020\/08\/rouge-2-1024x768.jpg 1024w, https:\/\/mangold-graphique.com\/ch\/wp-content\/uploads\/2020\/08\/rouge-2-1200x900.jpg 1200w, https:\/\/mangold-graphique.com\/ch\/wp-content\/uploads\/2020\/08\/rouge-2-1536x1152.jpg 1536w, https:\/\/mangold-graphique.com\/ch\/wp-content\/uploads\/2020\/08\/rouge-2-scaled.jpg 2560w\" sizes=\"(max-width: 2560px) 100vw, 2560px\" \/><\/a><\/div><\/div><\/div><\/div><div class=\"awb-swiper-button awb-swiper-button-prev\"><i class=\"awb-icon-angle-left\" aria-hidden=\"true\"><\/i><\/div><div class=\"awb-swiper-button awb-swiper-button-next\"><i class=\"awb-icon-angle-right\" aria-hidden=\"true\"><\/i><\/div><\/div><\/div><\/div><\/div><div class=\"fusion-clearfix\"><\/div><\/div><\/div><\/div><\/div><\/p>\n","protected":false},"excerpt":{"rendered":"","protected":false},"author":1,"featured_media":0,"parent":0,"menu_order":0,"comment_status":"closed","ping_status":"closed","template":"100-width.php","meta":{"footnotes":""},"class_list":["post-1463","page","type-page","status-publish","hentry"],"_links":{"self":[{"href":"https:\/\/mangold-graphique.com\/ch\/wp-json\/wp\/v2\/pages\/1463","targetHints":{"allow":["GET"]}}],"collection":[{"href":"https:\/\/mangold-graphique.com\/ch\/wp-json\/wp\/v2\/pages"}],"about":[{"href":"https:\/\/mangold-graphique.com\/ch\/wp-json\/wp\/v2\/types\/page"}],"author":[{"embeddable":true,"href":"https:\/\/mangold-graphique.com\/ch\/wp-json\/wp\/v2\/users\/1"}],"replies":[{"embeddable":true,"href":"https:\/\/mangold-graphique.com\/ch\/wp-json\/wp\/v2\/comments?post=1463"}],"version-history":[{"count":4,"href":"https:\/\/mangold-graphique.com\/ch\/wp-json\/wp\/v2\/pages\/1463\/revisions"}],"predecessor-version":[{"id":1623,"href":"https:\/\/mangold-graphique.com\/ch\/wp-json\/wp\/v2\/pages\/1463\/revisions\/1623"}],"wp:attachment":[{"href":"https:\/\/mangold-graphique.com\/ch\/wp-json\/wp\/v2\/media?parent=1463"}],"curies":[{"name":"wp","href":"https:\/\/api.w.org\/{rel}","templated":true}]}}